{"id":412,"date":"2025-09-12T09:22:24","date_gmt":"2025-09-12T09:22:24","guid":{"rendered":"https:\/\/www.larians-security.com\/?page_id=412"},"modified":"2026-02-09T14:22:26","modified_gmt":"2026-02-09T14:22:26","slug":"plateforme-comete","status":"publish","type":"page","link":"https:\/\/www.larians-security.com\/index.php\/accueil\/plateforme-comete\/","title":{"rendered":"Com\u00e8te : la plateforme essentielle pour la planification et la gestion | Larians Security +"},"content":{"rendered":"\n<div class=\"wp-block-cover alignfull has-parallax\" style=\"border-style:none;border-width:0px;margin-top:0;margin-bottom:0;padding-top:var(--wp--preset--spacing--40);padding-right:var(--wp--preset--spacing--40);padding-bottom:5rem;padding-left:1em;min-height:625px;aspect-ratio:unset;\"><div class=\"wp-block-cover__image-background wp-image-2039 size-full has-parallax\" style=\"background-position:50% 50%;background-image:url(https:\/\/www.larians-security.com\/wp-content\/uploads\/2025\/09\/milad-fakurian-rPdxh2xl2-E-unsplash.jpg-scaled.webp)\"><\/div><span aria-hidden=\"true\" class=\"wp-block-cover__background has-background-dim-60 has-background-dim\" style=\"background-color:#1c2a4c\"><\/span><div class=\"wp-block-cover__inner-container is-layout-flow wp-container-core-cover-is-layout-1b94b41a wp-block-cover-is-layout-flow\">\n<div class=\"wp-block-group has-global-padding is-layout-constrained wp-container-core-group-is-layout-cab995c5 wp-block-group-is-layout-constrained\">\n<h1 class=\"wp-block-heading alignwide has-text-align-center has-text-color has-link-color wp-elements-27525ebcd2c83b6cd0dcd90aeec90f9c\" id=\"decouvrez-comete-notre-plateforme-de-gestion\" style=\"color:#ffffff;padding-top:var(--wp--preset--spacing--80);font-size:clamp(28.836px, 1.802rem + ((1vw - 3.2px) * 2.405), 50px);font-style:normal;font-weight:500\">D\u00e9couvrez Com\u00e8te, notre plateforme de gestion<\/h1>\n\n\n\n<div class=\"wp-block-buttons has-custom-font-size is-content-justification-center is-layout-flex wp-container-core-buttons-is-layout-2403aaa1 wp-block-buttons-is-layout-flex\" style=\"margin-top:1.4rem;margin-bottom:0px;padding-top:var(--wp--preset--spacing--30);font-size:clamp(0.875rem, 0.875rem + ((1vw - 0.2rem) * 0.409), 1.1rem);\">\n<div class=\"wp-block-button hover_class_primary is-style-outline is-style-outline--1\"><a class=\"wp-block-button__link has-text-color has-background has-custom-font-size wp-element-button\" href=\"https:\/\/www.larians-security.com\/index.php\/contact\/\" style=\"border-style:none;border-width:0px;border-radius:11px;color:#1c2a4c;background-color:#ffffff;padding-top:0.8rem;padding-right:1.4em;padding-bottom:0.8rem;padding-left:1.4em;font-size:clamp(14px, 0.875rem + ((1vw - 3.2px) * 0.682), 20px);\">Contacter Larians Security +<\/a><\/div>\n<\/div>\n<\/div>\n<\/div><\/div>\n\n\n\n<section class=\"wp-block-group alignfull has-text-color has-global-padding is-layout-constrained wp-container-core-group-is-layout-e9241b88 wp-block-group-is-layout-constrained\" style=\"color:#212121;margin-top:0rem;padding-top:0;padding-right:var(--wp--preset--spacing--50);padding-bottom:0;padding-left:var(--wp--preset--spacing--50);font-size:clamp(0.875rem, 0.875rem + ((1vw - 0.2rem) * 0.464), 1.13rem);font-style:normal;font-weight:400;line-height:1.5\">\n<div class=\"wp-block-group has-global-padding is-layout-constrained wp-container-core-group-is-layout-6840ceda wp-block-group-is-layout-constrained\" style=\"padding-top:30px;padding-right:0rem;padding-bottom:30px;padding-left:0rem\">\n<div class=\"wp-block-columns is-not-stacked-on-mobile is-layout-flex wp-container-core-columns-is-layout-713970fd wp-block-columns-is-layout-flex\">\n<div class=\"wp-block-column is-vertically-aligned-center has-global-padding is-layout-constrained wp-container-core-column-is-layout-6c3d4d59 wp-block-column-is-layout-constrained\" style=\"border-right-color:#768667;border-right-width:1px;padding-right:1rem;padding-left:1rem\">\n<div class=\"wp-block-group is-content-justification-center is-nowrap is-layout-flex wp-container-core-group-is-layout-9cbd95c4 wp-block-group-is-layout-flex\" style=\"margin-top:0px;padding-right:0;padding-left:0\">\n<div class=\"wp-block-buttons is-horizontal is-content-justification-right is-layout-flex wp-container-core-buttons-is-layout-099266fd wp-block-buttons-is-layout-flex\" style=\"margin-top:0.51rem\">\n<div class=\"wp-block-button has-custom-width wp-block-button__width-100 is-style-outline is-style-outline--2\"><a class=\"wp-block-button__link has-text-color has-background has-custom-font-size wp-element-button\" href=\"https:\/\/extranet.larians-security.com\/COMETE?A\" style=\"border-style:none;border-width:0px;border-radius:0.46rem;color:#ffffff;background:linear-gradient(135deg,rgb(127,52,24) 0%,rgb(189,93,49) 23%,rgb(243,152,105) 47%,rgb(167,85,45) 71%,rgb(243,152,105) 87%,rgb(127,52,24) 100%);padding-top:0.71rem;padding-right:3rem;padding-bottom:0.71rem;padding-left:3rem;font-size:clamp(0.984rem, 0.984rem + ((1vw - 0.2rem) * 0.938), 1.5rem);font-style:normal;font-weight:600;line-height:1.5\" target=\"_blank\" rel=\"noreferrer noopener\"> Acc\u00e8s agents <\/a><\/div>\n<\/div>\n<\/div>\n<\/div>\n\n\n\n<div class=\"wp-block-column is-vertically-aligned-center has-global-padding is-layout-constrained wp-container-core-column-is-layout-6c3d4d59 wp-block-column-is-layout-constrained\" style=\"border-right-color:#768667;border-right-width:1px;padding-right:1rem;padding-left:1rem\">\n<div class=\"wp-block-group is-content-justification-center is-nowrap is-layout-flex wp-container-core-group-is-layout-6653ad80 wp-block-group-is-layout-flex\" style=\"margin-top:0px\">\n<div class=\"wp-block-buttons is-horizontal is-content-justification-right is-layout-flex wp-container-core-buttons-is-layout-099266fd wp-block-buttons-is-layout-flex\" style=\"margin-top:0.51rem\">\n<div class=\"wp-block-button has-custom-width wp-block-button__width-100 is-style-outline is-style-outline--3\"><a class=\"wp-block-button__link has-text-color has-background has-custom-font-size wp-element-button\" href=\"https:\/\/extranet.larians-security.com\/COMETE?C\" style=\"border-style:none;border-width:0px;border-radius:0.46rem;color:#ffffff;background:linear-gradient(135deg,rgb(127,52,24) 0%,rgb(189,93,49) 23%,rgb(243,152,105) 47%,rgb(167,85,45) 71%,rgb(243,152,105) 87%,rgb(127,52,24) 100%);padding-top:0.71rem;padding-right:3rem;padding-bottom:0.71rem;padding-left:3rem;font-size:clamp(0.984rem, 0.984rem + ((1vw - 0.2rem) * 0.938), 1.5rem);font-style:normal;font-weight:600;line-height:1.5\" target=\"_blank\" rel=\"noreferrer noopener\"> Acc\u00e8s clients <\/a><\/div>\n<\/div>\n<\/div>\n<\/div>\n\n\n\n<div class=\"wp-block-column has-global-padding is-layout-constrained wp-container-core-column-is-layout-6c3d4d59 wp-block-column-is-layout-constrained\" style=\"padding-right:1rem;padding-left:1rem\">\n<div class=\"wp-block-group is-content-justification-center is-nowrap is-layout-flex wp-container-core-group-is-layout-6653ad80 wp-block-group-is-layout-flex\" style=\"margin-top:0px\">\n<div class=\"wp-block-buttons is-horizontal is-content-justification-right is-layout-flex wp-container-core-buttons-is-layout-099266fd wp-block-buttons-is-layout-flex\" style=\"margin-top:0.51rem\">\n<div class=\"wp-block-button has-custom-width wp-block-button__width-100 is-style-outline is-style-outline--4\"><a class=\"wp-block-button__link has-text-color has-background has-custom-font-size wp-element-button\" href=\"https:\/\/extranet.larians-security.com\/COMETE?M\" style=\"border-style:none;border-width:0px;border-radius:0.46rem;color:#ffffff;background:linear-gradient(135deg,rgb(127,52,24) 0%,rgb(189,93,49) 23%,rgb(243,152,105) 47%,rgb(167,85,45) 71%,rgb(243,152,105) 87%,rgb(127,52,24) 100%);padding-top:0.71rem;padding-right:3rem;padding-bottom:0.71rem;padding-left:3rem;font-size:clamp(0.984rem, 0.984rem + ((1vw - 0.2rem) * 0.938), 1.5rem);font-style:normal;font-weight:600;line-height:1.5\" target=\"_blank\" rel=\"noreferrer noopener\"> Acc\u00e8s managers <\/a><\/div>\n<\/div>\n<\/div>\n<\/div>\n<\/div>\n<\/div>\n<\/section>\n\n\n\n<div class=\"wp-block-group has-global-padding is-layout-constrained wp-container-core-group-is-layout-44570f2b wp-block-group-is-layout-constrained\" style=\"padding-top:var(--wp--preset--spacing--40);padding-bottom:var(--wp--preset--spacing--60)\">\n<div class=\"wp-block-columns are-vertically-aligned-center is-layout-flex wp-container-core-columns-is-layout-e79a657b wp-block-columns-is-layout-flex\" style=\"padding-top:0\">\n<div class=\"wp-block-column is-vertically-aligned-center is-layout-flow wp-block-column-is-layout-flow\"><\/div>\n\n\n\n<div class=\"wp-block-column is-vertically-aligned-center is-layout-flow wp-block-column-is-layout-flow\" style=\"font-size:clamp(16.293px, 1.018rem + ((1vw - 3.2px) * 0.989), 25px);flex-basis:66.66%\">\n<figure class=\"wp-block-image aligncenter size-full is-resized\" style=\"margin-top:0;margin-bottom:var(--wp--preset--spacing--60)\"><img fetchpriority=\"high\" decoding=\"async\" width=\"411\" height=\"122\" src=\"https:\/\/www.larians-security.com\/wp-content\/uploads\/2026\/01\/logo-comete.png\" alt=\"\" class=\"wp-image-7865\" style=\"width:256px;height:auto\" srcset=\"https:\/\/www.larians-security.com\/wp-content\/uploads\/2026\/01\/logo-comete.png 411w, https:\/\/www.larians-security.com\/wp-content\/uploads\/2026\/01\/logo-comete-300x89.png 300w\" sizes=\"(max-width: 411px) 100vw, 411px\" \/><\/figure>\n\n\n\n<p class=\"has-text-color has-link-color wp-elements-f38ef4173fd06228330ad73468800e86\" style=\"color:#1c2a4c\">Chez&nbsp;<strong>Larians Security +<\/strong>, nous utilisons&nbsp;<strong>Com\u00e8te<\/strong>, une plateforme digitale de&nbsp;<strong>gestion, de suivi et de planification des op\u00e9rations<\/strong>. Elle centralise toutes les informations essentielles, optimise les processus et rend la planification des missions simple et fiable.<br><br>Cette solution offre un&nbsp;<strong>outil intuitif, s\u00e9curis\u00e9 et performant<\/strong>, permettant une organisation fluide et une efficacit\u00e9 maximale, tout en garantissant un suivi clair et pr\u00e9cis.<\/p>\n<\/div>\n\n\n\n<div class=\"wp-block-column is-vertically-aligned-center is-layout-flow wp-block-column-is-layout-flow\" style=\"flex-basis:33.33%\">\n<figure class=\"wp-block-image aligncenter size-large\"><img decoding=\"async\" width=\"1024\" height=\"765\" src=\"https:\/\/www.larians-security.com\/wp-content\/uploads\/2025\/09\/schema-V1-1-1024x765.png\" alt=\"Com\u00e8te\" class=\"wp-image-1811\" srcset=\"https:\/\/www.larians-security.com\/wp-content\/uploads\/2025\/09\/schema-V1-1-1024x765.png 1024w, https:\/\/www.larians-security.com\/wp-content\/uploads\/2025\/09\/schema-V1-1-300x224.png 300w, https:\/\/www.larians-security.com\/wp-content\/uploads\/2025\/09\/schema-V1-1-768x574.png 768w, https:\/\/www.larians-security.com\/wp-content\/uploads\/2025\/09\/schema-V1-1.png 1200w\" sizes=\"(max-width: 1024px) 100vw, 1024px\" \/><\/figure>\n<\/div>\n<\/div>\n<\/div>\n\n\n\n<div class=\"wp-block-group alignwide has-background has-global-padding is-layout-constrained wp-container-core-group-is-layout-cab995c5 wp-block-group-is-layout-constrained\" style=\"background-color:#f6f6f6\">\n<div class=\"wp-block-group alignwide has-background has-global-padding is-layout-constrained wp-container-core-group-is-layout-d785e395 wp-block-group-is-layout-constrained\" style=\"background-color:#f6f6f6;padding-top:var(--wp--preset--spacing--40);padding-bottom:var(--wp--preset--spacing--60)\">\n<div class=\"wp-block-group alignwide has-global-padding is-layout-constrained wp-container-core-group-is-layout-4c3fe42d wp-block-group-is-layout-constrained\" style=\"padding-top:0\">\n<h2 class=\"wp-block-heading alignwide has-text-align-left has-text-color has-system-font-font-family\" id=\"missions-cles-des-agents-en-securite-incendie\" style=\"color:#1c2a4c;margin-top:1.2rem;margin-bottom:var(--wp--preset--spacing--20);font-size:clamp(24.034px, 1.502rem + ((1vw - 3.2px) * 1.814), 40px);font-style:normal;font-weight:500;line-height:1.3\">Un outil au service de la performance<\/h2>\n\n\n\n<hr class=\"wp-block-separator alignwide has-text-color has-alpha-channel-opacity has-background is-style-wide\" style=\"margin-top:var(--wp--preset--spacing--40);margin-bottom:var(--wp--preset--spacing--20);background-color:#8f09091a;color:#8f09091a\"\/>\n<\/div>\n\n\n\n<div class=\"wp-block-group has-text-color has-link-color wp-elements-4b54ec82a1e0c209be9ded606bafb08a has-global-padding is-layout-constrained wp-container-core-group-is-layout-cab995c5 wp-block-group-is-layout-constrained\" style=\"color:#1c2a4c;font-size:clamp(16.293px, 1.018rem + ((1vw - 3.2px) * 0.989), 25px);\">\n<p><strong>Com\u00e8te<\/strong>&nbsp;centralise toutes les informations pour simplifier la&nbsp;<strong>gestion, le suivi et la planification des missions<\/strong>.<\/p>\n\n\n\n<ul class=\"wp-block-list\">\n<li><strong>Planification en temps r\u00e9el<\/strong>&nbsp;: les plannings sont actualis\u00e9s automatiquement pour une organisation optimale.<\/li>\n\n\n\n<li><strong>Suivi pr\u00e9cis des interventions<\/strong>&nbsp;: chaque mission est trac\u00e9e et consultable \u00e0 tout moment.<\/li>\n\n\n\n<li><strong>Communication simplifi\u00e9e<\/strong>&nbsp;: \u00e9changes fluides entre \u00e9quipes et encadrement pour une coordination efficace.<\/li>\n<\/ul>\n\n\n\n<p class=\"has-text-align-center\">\ud83d\udca1&nbsp;<em>Chaque utilisateur dispose d\u2019un acc\u00e8s adapt\u00e9 : les agents peuvent consulter leurs missions, les clients suivent l\u2019avancement des prestations, et les collaborateurs internes g\u00e8rent l\u2019ensemble des op\u00e9rations.<\/em><\/p>\n<\/div>\n<\/div>\n\n\n\n<div class=\"wp-block-group alignwide has-background has-global-padding is-layout-constrained wp-container-core-group-is-layout-d785e395 wp-block-group-is-layout-constrained\" style=\"background-color:#f6f6f6;padding-top:var(--wp--preset--spacing--40);padding-bottom:var(--wp--preset--spacing--60)\">\n<div class=\"wp-block-group alignwide has-global-padding is-layout-constrained wp-container-core-group-is-layout-4c3fe42d wp-block-group-is-layout-constrained\" style=\"padding-top:0\">\n<h2 class=\"wp-block-heading alignwide has-text-color has-system-font-font-family\" id=\"missions-cles-des-agents-en-securite-incendie\" style=\"color:#1c2a4c;margin-top:1.2rem;margin-bottom:var(--wp--preset--spacing--20);font-size:clamp(24.034px, 1.502rem + ((1vw - 3.2px) * 1.814), 40px);font-style:normal;font-weight:500;line-height:1.3\">Fiabilit\u00e9 et transparence garanties<\/h2>\n\n\n\n<hr class=\"wp-block-separator alignwide has-text-color has-alpha-channel-opacity has-background is-style-wide\" style=\"margin-top:var(--wp--preset--spacing--40);margin-bottom:var(--wp--preset--spacing--20);background-color:#8f09091a;color:#8f09091a\"\/>\n<\/div>\n\n\n\n<div class=\"wp-block-group has-text-color has-link-color wp-elements-8d6ce1b6be635a67d3f98d2d45244de3 has-global-padding is-layout-constrained wp-container-core-group-is-layout-cab995c5 wp-block-group-is-layout-constrained\" style=\"color:#1c2a4c;font-size:clamp(16.293px, 1.018rem + ((1vw - 3.2px) * 0.989), 25px);\">\n<p>Gr\u00e2ce \u00e0 Com\u00e8te, nos prestations sont&nbsp;<strong>claires, contr\u00f4l\u00e9es et rigoureuses<\/strong>.<\/p>\n\n\n\n<ul class=\"wp-block-list\">\n<li>Nos clients b\u00e9n\u00e9ficient d\u2019un&nbsp;<strong>suivi en temps r\u00e9el<\/strong>&nbsp;des interventions et d\u2019une planification transparente.<\/li>\n\n\n\n<li>Les \u00e9quipes sont planifi\u00e9es et supervis\u00e9es pour assurer une&nbsp;<strong>s\u00e9curit\u00e9 optimale<\/strong>.<\/li>\n\n\n\n<li>Les salari\u00e9s internes disposent d\u2019un&nbsp;<strong>outil centralis\u00e9<\/strong>&nbsp;pour contr\u00f4ler et coordonner toutes les op\u00e9rations.<\/li>\n<\/ul>\n\n\n\n<p class=\"has-text-align-center\">\ud83d\udca1&nbsp;<em>Chaque acteur a acc\u00e8s aux informations pertinentes, selon son r\u00f4le, pour plus de transparence et de r\u00e9activit\u00e9.<\/em><\/p>\n<\/div>\n<\/div>\n\n\n\n<div class=\"wp-block-group alignwide has-background has-global-padding is-layout-constrained wp-container-core-group-is-layout-d785e395 wp-block-group-is-layout-constrained\" style=\"background-color:#f6f6f6;padding-top:var(--wp--preset--spacing--40);padding-bottom:var(--wp--preset--spacing--60)\">\n<div class=\"wp-block-group alignwide has-global-padding is-layout-constrained wp-container-core-group-is-layout-4c3fe42d wp-block-group-is-layout-constrained\" style=\"padding-top:0\">\n<h2 class=\"wp-block-heading alignwide has-text-align-left has-text-color has-system-font-font-family\" id=\"missions-cles-des-agents-en-securite-incendie\" style=\"color:#1c2a4c;margin-top:1.2rem;margin-bottom:var(--wp--preset--spacing--20);font-size:clamp(24.034px, 1.502rem + ((1vw - 3.2px) * 1.814), 40px);font-style:normal;font-weight:500;line-height:1.3\">Un gain pour nos agents<\/h2>\n\n\n\n<hr class=\"wp-block-separator alignwide has-text-color has-alpha-channel-opacity has-background is-style-wide\" style=\"margin-top:var(--wp--preset--spacing--40);margin-bottom:var(--wp--preset--spacing--20);background-color:#8f09091a;color:#8f09091a\"\/>\n<\/div>\n\n\n\n<div class=\"wp-block-group has-text-color has-link-color wp-elements-9d0daca81f864ef4c4c60ed6715205c1 has-global-padding is-layout-constrained wp-container-core-group-is-layout-cab995c5 wp-block-group-is-layout-constrained\" style=\"color:#1c2a4c;font-size:clamp(16.293px, 1.018rem + ((1vw - 3.2px) * 0.989), 25px);\">\n<p>Com\u00e8te simplifie le quotidien de nos collaborateurs :<\/p>\n\n\n\n<ul class=\"wp-block-list\">\n<li>Acc\u00e8s facile aux plannings et affectations<\/li>\n\n\n\n<li>Consultation rapide des&nbsp;<strong>informations de mission et instructions<\/strong><\/li>\n\n\n\n<li>Gestion autonome de leur emploi du temps et meilleure r\u00e9activit\u00e9 sur le terrain<\/li>\n<\/ul>\n\n\n\n<p class=\"has-text-align-center\">\ud83d\udca1&nbsp;<em>Les agents, les clients et les salari\u00e9s internes disposent de portails distincts, pens\u00e9s pour leurs besoins sp\u00e9cifiques, garantissant un acc\u00e8s clair, s\u00e9curis\u00e9 et adapt\u00e9 \u00e0 chacun.<\/em><\/p>\n<\/div>\n<\/div>\n\n\n\n<div class=\"wp-block-group is-content-justification-center is-nowrap is-layout-flex wp-container-core-group-is-layout-054040b3 wp-block-group-is-layout-flex\" style=\"margin-top:0px;padding-top:var(--wp--preset--spacing--30);padding-bottom:var(--wp--preset--spacing--50)\">\n<div class=\"wp-block-buttons is-horizontal is-content-justification-right is-layout-flex wp-container-core-buttons-is-layout-099266fd wp-block-buttons-is-layout-flex\" style=\"margin-top:0.51rem\">\n<div class=\"wp-block-button has-custom-width wp-block-button__width-100 is-style-outline is-style-outline--5\"><a class=\"wp-block-button__link has-text-color has-background has-custom-font-size wp-element-button\" href=\"https:\/\/www.larians-securithttps:\/\/www.logiciel-comete.fr\/comete-link\/y.com\/index.php\/contact\/\" style=\"border-style:none;border-width:0px;border-radius:0.46rem;color:#ffffff;background:linear-gradient(135deg,rgb(127,52,24) 0%,rgb(189,93,49) 23%,rgb(243,152,105) 47%,rgb(167,85,45) 71%,rgb(243,152,105) 87%,rgb(127,52,24) 100%);padding-top:var(--wp--preset--spacing--30);padding-right:3rem;padding-bottom:var(--wp--preset--spacing--30);padding-left:3rem;font-size:clamp(0.929rem, 0.929rem + ((1vw - 0.2rem) * 0.856), 1.4rem);font-style:normal;font-weight:600;line-height:1.5\" target=\"_blank\" rel=\"noreferrer noopener\">En savoir plus sur Com\u00e8te<\/a><\/div>\n<\/div>\n<\/div>\n<\/div>\n","protected":false},"excerpt":{"rendered":"<p>Chez&nbsp;Larians Security +, nous utilisons&nbsp;Com\u00e8te, une plateforme digitale de&nbsp;gestion, de suivi et de planification des op\u00e9rations. Elle centralise toutes les informations essentielles, optimise les processus et rend la planification des missions simple et fiable. Cette solution offre un&nbsp;outil intuitif, s\u00e9curis\u00e9 et performant, permettant une organisation fluide et une efficacit\u00e9 maximale, tout en garantissant un suivi clair et pr\u00e9cis. Un outil au service de la performance Com\u00e8te&nbsp;centralise toutes les informations pour simplifier la&nbsp;gestion, le suivi et la planification des missions. \ud83d\udca1&nbsp;Chaque utilisateur dispose d\u2019un acc\u00e8s adapt\u00e9 : les agents peuvent consulter leurs missions, les clients suivent l\u2019avancement des prestations, et les collaborateurs internes g\u00e8rent l\u2019ensemble des op\u00e9rations. Fiabilit\u00e9 et transparence garanties Gr\u00e2ce \u00e0 Com\u00e8te, nos prestations sont&nbsp;claires, contr\u00f4l\u00e9es et rigoureuses. \ud83d\udca1&nbsp;Chaque acteur a acc\u00e8s aux informations pertinentes, selon son r\u00f4le, pour plus de transparence et de r\u00e9activit\u00e9. Un gain pour nos agents Com\u00e8te simplifie le quotidien de nos collaborateurs : \ud83d\udca1&nbsp;Les agents, les clients et les salari\u00e9s internes disposent de portails distincts, pens\u00e9s pour leurs besoins sp\u00e9cifiques, garantissant un acc\u00e8s clair, s\u00e9curis\u00e9 et adapt\u00e9 \u00e0 chacun.<\/p>\n","protected":false},"author":1,"featured_media":0,"parent":33,"menu_order":0,"comment_status":"closed","ping_status":"closed","template":"regular-page","meta":{"_gspb_post_css":"","footnotes":""},"class_list":["post-412","page","type-page","status-publish","hentry"],"_links":{"self":[{"href":"https:\/\/www.larians-security.com\/index.php\/wp-json\/wp\/v2\/pages\/412","targetHints":{"allow":["GET"]}}],"collection":[{"href":"https:\/\/www.larians-security.com\/index.php\/wp-json\/wp\/v2\/pages"}],"about":[{"href":"https:\/\/www.larians-security.com\/index.php\/wp-json\/wp\/v2\/types\/page"}],"author":[{"embeddable":true,"href":"https:\/\/www.larians-security.com\/index.php\/wp-json\/wp\/v2\/users\/1"}],"replies":[{"embeddable":true,"href":"https:\/\/www.larians-security.com\/index.php\/wp-json\/wp\/v2\/comments?post=412"}],"version-history":[{"count":113,"href":"https:\/\/www.larians-security.com\/index.php\/wp-json\/wp\/v2\/pages\/412\/revisions"}],"predecessor-version":[{"id":8958,"href":"https:\/\/www.larians-security.com\/index.php\/wp-json\/wp\/v2\/pages\/412\/revisions\/8958"}],"up":[{"embeddable":true,"href":"https:\/\/www.larians-security.com\/index.php\/wp-json\/wp\/v2\/pages\/33"}],"wp:attachment":[{"href":"https:\/\/www.larians-security.com\/index.php\/wp-json\/wp\/v2\/media?parent=412"}],"curies":[{"name":"wp","href":"https:\/\/api.w.org\/{rel}","templated":true}]}}