{"id":43,"date":"2025-09-04T09:14:56","date_gmt":"2025-09-04T09:14:56","guid":{"rendered":"https:\/\/www.larians-security.com\/?page_id=43"},"modified":"2026-03-11T08:52:35","modified_gmt":"2026-03-11T08:52:35","slug":"contact-larians","status":"publish","type":"page","link":"https:\/\/www.larians-security.com\/index.php\/accueil\/contact-larians\/","title":{"rendered":"Contactez-nous | Larians Security + \u2013 R\u00e9ponse rapide sous 24h"},"content":{"rendered":"\n<div class=\"wp-block-cover alignfull is-light has-parallax\" style=\"border-style:none;border-width:0px;margin-top:0;margin-bottom:0;padding-top:var(--wp--preset--spacing--40);padding-right:var(--wp--preset--spacing--40);padding-bottom:0rem;padding-left:1em;min-height:621px;aspect-ratio:unset;\"><div class=\"wp-block-cover__image-background wp-image-9323 size-full has-parallax\" style=\"background-position:50% 50%;background-image:url(https:\/\/www.larians-security.com\/wp-content\/uploads\/2026\/02\/contact.png)\"><\/div><span aria-hidden=\"true\" class=\"wp-block-cover__background has-background-dim-30 has-background-dim\" style=\"background-color:#1c2a4c\"><\/span><div class=\"wp-block-cover__inner-container is-layout-flow wp-container-core-cover-is-layout-8a32f0be wp-block-cover-is-layout-flow\">\n<div class=\"wp-block-group has-global-padding is-layout-constrained wp-container-core-group-is-layout-cab995c5 wp-block-group-is-layout-constrained\">\n<h1 class=\"wp-block-heading has-text-align-center has-text-color has-link-color wp-elements-de394d2a8c9a40f5cef92ca45e840dde\" id=\"larians-security-parlons-de-votre-securite\" style=\"color:#ffffff;padding-top:var(--wp--preset--spacing--80);font-size:clamp(28.836px, 1.802rem + ((1vw - 3.2px) * 2.405), 50px);font-style:normal;font-weight:400\">Larians Security + : Parlons de votre s\u00e9curit\u00e9.<\/h1>\n\n\n\n<div class=\"wp-block-buttons has-custom-font-size is-content-justification-center is-layout-flex wp-container-core-buttons-is-layout-38a0c48d wp-block-buttons-is-layout-flex\" style=\"margin-top:2.7rem;margin-bottom:0px;font-size:clamp(0.875rem, 0.875rem + ((1vw - 0.2rem) * 0.409), 1.1rem);\">\n<div class=\"wp-block-button hover_class_primary is-style-outline is-style-outline--1\"><a class=\"wp-block-button__link has-text-color has-background has-custom-font-size wp-element-button\" href=\"https:\/\/www.larians-security.com\/index.php\/larians-histoire-group\/\" style=\"border-style:none;border-width:0px;border-radius:11px;color:#bd5d31;background-color:#ffffff;padding-top:0.8rem;padding-right:1.4em;padding-bottom:0.8rem;padding-left:1.4em;font-size:clamp(14px, 0.875rem + ((1vw - 3.2px) * 0.682), 20px);\">D\u00e9couvrir Larians Group<\/a><\/div>\n<\/div>\n<\/div>\n<\/div><\/div>\n\n\n\n<div class=\"wp-block-group has-global-padding is-layout-constrained wp-container-core-group-is-layout-80ea65ab wp-block-group-is-layout-constrained\" style=\"padding-top:var(--wp--preset--spacing--40);padding-bottom:var(--wp--preset--spacing--40)\">\n<h2 class=\"wp-block-heading has-text-align-center has-text-color has-link-color wp-elements-c42c283cb362aae6f589e6954b05384a\" id=\"chez-larians-security-chaque-echange-compte\" style=\"color:#bd5d31;font-size:clamp(18.959px, 1.185rem + ((1vw - 3.2px) * 1.255), 30px);\"><strong>Chez Larians Security +, chaque \u00e9change compte<\/strong><\/h2>\n\n\n\n<p class=\"has-text-align-center has-text-color has-link-color wp-elements-c96aed81d51962db14c1405cd33c7df8\" style=\"color:#1c2a4c;font-size:clamp(16.293px, 1.018rem + ((1vw - 3.2px) * 0.989), 25px);\">Chez&nbsp;<strong>Larians Security +<\/strong>, nous sommes \u00e0 votre disposition pour toute <strong>demande<\/strong>. Que vous souhaitiez obtenir un&nbsp;<strong>renseignement, une assistance technique, un devis ou des informations sur nos services<\/strong>, notre \u00e9quipe se tient pr\u00eate \u00e0 vous r\u00e9pondre&nbsp;<strong>rapidement et efficacement<\/strong>.<\/p>\n\n\n\n<p class=\"has-text-align-center has-text-color has-link-color wp-elements-d852c73270c52c666b805d79592d58bf\" style=\"color:#1c2a4c;font-size:clamp(16.293px, 1.018rem + ((1vw - 3.2px) * 0.989), 25px);\">Vous pouvez&nbsp;<strong>remplir notre formulaire ci-dessous<\/strong>.<br>Chaque&nbsp;<strong>demande<\/strong>&nbsp;est trait\u00e9 avec s\u00e9rieux et professionnalisme, car votre satisfaction est au c\u0153ur de notre engagement.<br><br>Merci de fournir des informations pr\u00e9cises afin que nous puissions traiter votre demande dans les meilleures <br>conditions.<\/p>\n<\/div>\n\n\n\n<section class=\"wp-block-group alignfull has-text-color has-background has-global-padding is-content-justification-center is-layout-constrained wp-container-core-group-is-layout-6b5e5a63 wp-block-group-is-layout-constrained\" style=\"color:#03081e;background-color:#f6f6f6;margin-top:0px;padding-top:0;padding-right:var(--wp--preset--spacing--40);padding-bottom:var(--wp--preset--spacing--40);padding-left:var(--wp--preset--spacing--40);font-size:clamp(0.875rem, 0.875rem + ((1vw - 0.2rem) * 0.464), 1.13rem);font-style:normal;font-weight:400;line-height:1.4\">\n<figure class=\"wp-block-image aligncenter size-large is-resized\"><img fetchpriority=\"high\" decoding=\"async\" width=\"1024\" height=\"257\" src=\"https:\/\/www.larians-security.com\/wp-content\/uploads\/2026\/01\/Capture-decran-2026-01-26-a-15.25.49-1-1024x257.png\" alt=\"Contact\" class=\"wp-image-7992\" style=\"width:550px;height:auto\" srcset=\"https:\/\/www.larians-security.com\/wp-content\/uploads\/2026\/01\/Capture-decran-2026-01-26-a-15.25.49-1-1024x257.png 1024w, https:\/\/www.larians-security.com\/wp-content\/uploads\/2026\/01\/Capture-decran-2026-01-26-a-15.25.49-1-300x75.png 300w, https:\/\/www.larians-security.com\/wp-content\/uploads\/2026\/01\/Capture-decran-2026-01-26-a-15.25.49-1-768x193.png 768w, https:\/\/www.larians-security.com\/wp-content\/uploads\/2026\/01\/Capture-decran-2026-01-26-a-15.25.49-1-1536x385.png 1536w, https:\/\/www.larians-security.com\/wp-content\/uploads\/2026\/01\/Capture-decran-2026-01-26-a-15.25.49-1-2048x513.png 2048w\" sizes=\"(max-width: 1024px) 100vw, 1024px\" \/><\/figure>\n\n\n\n<h2 class=\"wp-block-heading has-text-align-center\" id=\"formulaire-de-contact\" style=\"font-size:clamp(24.034px, 1.502rem + ((1vw - 3.2px) * 1.814), 40px);\">Formulaire de contact<\/h2>\n\n\n<style id=\"wpforms-css-vars-1864-block-24cb69d9-ea9c-4c6c-8cf3-fa0547f78fb6\">\n\t\t\t\t#wpforms-1864.wpforms-block-24cb69d9-ea9c-4c6c-8cf3-fa0547f78fb6 {\n\t\t\t\t--wpforms-field-border-size: 2px;\n--wpforms-field-size-input-height: 43px;\n--wpforms-field-size-input-spacing: 15px;\n--wpforms-field-size-font-size: 16px;\n--wpforms-field-size-line-height: 19px;\n--wpforms-field-size-padding-h: 14px;\n--wpforms-field-size-checkbox-size: 16px;\n--wpforms-field-size-sublabel-spacing: 5px;\n--wpforms-field-size-icon-size: 1;\n--wpforms-label-size-font-size: 16px;\n--wpforms-label-size-line-height: 19px;\n--wpforms-label-size-sublabel-font-size: 14px;\n--wpforms-label-size-sublabel-line-height: 17px;\n--wpforms-button-size-font-size: 17px;\n--wpforms-button-size-height: 41px;\n--wpforms-button-size-padding-h: 15px;\n--wpforms-button-size-margin-top: 10px;\n\t\t\t}\n\t\t\t<\/style><div class=\"wpforms-container wpforms-container-full wpforms-block wpforms-block-24cb69d9-ea9c-4c6c-8cf3-fa0547f78fb6 wpforms-render-modern\" id=\"wpforms-1864\"><form id=\"wpforms-form-1864\" class=\"wpforms-validate wpforms-form wpforms-ajax-form\" data-formid=\"1864\" method=\"post\" enctype=\"multipart\/form-data\" action=\"\/index.php\/wp-json\/wp\/v2\/pages\/43\" data-token=\"ac93579393a7c07df9dbb228beb5ea64\" data-token-time=\"1775399498\"><noscript class=\"wpforms-error-noscript\">Veuillez activer JavaScript dans votre navigateur pour remplir ce formulaire.<\/noscript><div id=\"wpforms-error-noscript\" style=\"display: none;\">Veuillez activer JavaScript dans votre navigateur pour remplir ce formulaire.<\/div><div class=\"wpforms-field-container\">\t\t<div id=\"wpforms-1864-field_4-container\"\n\t\t\tclass=\"wpforms-field wpforms-field-text\"\n\t\t\tdata-field-type=\"text\"\n\t\t\tdata-field-id=\"4\"\n\t\t\t>\n\t\t\t<label class=\"wpforms-field-label\" for=\"wpforms-1864-field_4\" >message de Commentaire<\/label>\n\t\t\t<input type=\"text\" id=\"wpforms-1864-field_4\" class=\"wpforms-field-medium\" name=\"wpforms[fields][4]\" >\n\t\t<\/div>\n\t\t<div id=\"wpforms-1864-field_5-container\" class=\"wpforms-field wpforms-field-radio\" data-field-id=\"5\"><fieldset><legend class=\"wpforms-field-label\">S\u00e9lectionnez le type de demande<\/legend><ul id=\"wpforms-1864-field_5\"><li class=\"choice-3 depth-1\"><input type=\"radio\" id=\"wpforms-1864-field_5_3\" name=\"wpforms[fields][5]\" value=\"Partenariat &amp; Collaboration\" aria-errormessage=\"wpforms-1864-field_5_3-error\"  ><label class=\"wpforms-field-label-inline\" for=\"wpforms-1864-field_5_3\">Partenariat &amp; Collaboration<\/label><\/li><li class=\"choice-2 depth-1\"><input type=\"radio\" id=\"wpforms-1864-field_5_2\" name=\"wpforms[fields][5]\" value=\"Rejoindre nos \u00e9quipes (candidature)\" aria-errormessage=\"wpforms-1864-field_5_2-error\"  ><label class=\"wpforms-field-label-inline\" for=\"wpforms-1864-field_5_2\">Rejoindre nos \u00e9quipes (candidature)<\/label><\/li><li class=\"choice-5 depth-1\"><input type=\"radio\" id=\"wpforms-1864-field_5_5\" name=\"wpforms[fields][5]\" value=\"Contact Presse\" aria-errormessage=\"wpforms-1864-field_5_5-error\"  ><label class=\"wpforms-field-label-inline\" for=\"wpforms-1864-field_5_5\">Contact Presse<\/label><\/li><li class=\"choice-4 depth-1\"><input type=\"radio\" id=\"wpforms-1864-field_5_4\" name=\"wpforms[fields][5]\" value=\"Autre demande\" aria-errormessage=\"wpforms-1864-field_5_4-error\"  ><label class=\"wpforms-field-label-inline\" for=\"wpforms-1864-field_5_4\">Autre demande<\/label><\/li><\/ul><\/fieldset><\/div><div id=\"wpforms-1864-field_1-container\" class=\"wpforms-field wpforms-field-name\" data-field-id=\"1\"><fieldset><legend class=\"wpforms-field-label\">Vos informations <span class=\"wpforms-required-label\" aria-hidden=\"true\">*<\/span><\/legend><div class=\"wpforms-field-row wpforms-field-medium\"><div class=\"wpforms-field-row-block wpforms-first wpforms-one-half\"><input type=\"text\" id=\"wpforms-1864-field_1\" class=\"wpforms-field-name-first wpforms-field-required\" name=\"wpforms[fields][1][first]\" aria-errormessage=\"wpforms-1864-field_1-error\" required><label for=\"wpforms-1864-field_1\" class=\"wpforms-field-sublabel after\">Pr\u00e9nom<\/label><\/div><div class=\"wpforms-field-row-block wpforms-one-half\"><input type=\"text\" id=\"wpforms-1864-field_1-last\" class=\"wpforms-field-name-last wpforms-field-required\" name=\"wpforms[fields][1][last]\" aria-errormessage=\"wpforms-1864-field_1-last-error\" required><label for=\"wpforms-1864-field_1-last\" class=\"wpforms-field-sublabel after\">Nom<\/label><\/div><\/div><\/fieldset><\/div><div id=\"wpforms-1864-field_2-container\" class=\"wpforms-field wpforms-field-email\" data-field-id=\"2\"><label class=\"wpforms-field-label\" for=\"wpforms-1864-field_2\">E-mail <span class=\"wpforms-required-label\" aria-hidden=\"true\">*<\/span><\/label><input type=\"email\" id=\"wpforms-1864-field_2\" class=\"wpforms-field-medium wpforms-field-required\" name=\"wpforms[fields][2]\" spellcheck=\"false\" aria-errormessage=\"wpforms-1864-field_2-error\" required><\/div><div id=\"wpforms-1864-field_3-container\" class=\"wpforms-field wpforms-field-textarea\" data-field-id=\"3\"><label class=\"wpforms-field-label\" for=\"wpforms-1864-field_3\">Commentaire ou message<\/label><textarea id=\"wpforms-1864-field_3\" class=\"wpforms-field-medium\" name=\"wpforms[fields][3]\" aria-errormessage=\"wpforms-1864-field_3-error\" ><\/textarea><\/div><div id=\"wpforms-1864-field_7-container\" class=\"wpforms-field wpforms-field-gdpr-checkbox\" data-field-id=\"7\"><label class=\"wpforms-field-label\">Accord RGPD <span class=\"wpforms-required-label\" aria-hidden=\"true\">*<\/span><\/label><ul id=\"wpforms-1864-field_7\" class=\"wpforms-field-required\"><li class=\"choice-1\"><input type=\"checkbox\" id=\"wpforms-1864-field_7_1\" name=\"wpforms[fields][7][]\" value=\"Je consens \u00e0 ce que ce site conserve les informations transmises afin de traiter ma demande.\" aria-errormessage=\"wpforms-1864-field_7_1-error\" required ><label class=\"wpforms-field-label-inline\" for=\"wpforms-1864-field_7_1\">Je consens \u00e0 ce que ce site conserve les informations transmises afin de traiter ma demande.<\/label><\/li><\/ul><\/div><script>\n\t\t\t\t( function() {\n\t\t\t\t\tconst style = document.createElement( 'style' );\n\t\t\t\t\tstyle.appendChild( document.createTextNode( '#wpforms-1864-field_4-container { position: absolute !important; overflow: hidden !important; display: inline !important; height: 1px !important; width: 1px !important; z-index: -1000 !important; padding: 0 !important; } #wpforms-1864-field_4-container input { visibility: hidden; } #wpforms-conversational-form-page #wpforms-1864-field_4-container label { counter-increment: none; }' ) );\n\t\t\t\t\tdocument.head.appendChild( style );\n\t\t\t\t\tdocument.currentScript?.remove();\n\t\t\t\t} )();\n\t\t\t<\/script><\/div><!-- .wpforms-field-container --><div class=\"wpforms-submit-container\" ><input type=\"hidden\" name=\"wpforms[id]\" value=\"1864\"><input type=\"hidden\" name=\"page_title\" value=\"\"><input type=\"hidden\" name=\"page_url\" value=\"https:\/\/www.larians-security.com\/index.php\/wp-json\/wp\/v2\/pages\/43\"><input type=\"hidden\" name=\"url_referer\" value=\"\"><button type=\"submit\" name=\"wpforms[submit]\" id=\"wpforms-submit-1864\" class=\"wpforms-submit\" data-alt-text=\"Envoi...\" data-submit-text=\"Envoyer\" aria-live=\"assertive\" value=\"wpforms-submit\">Envoyer<\/button><img decoding=\"async\" src=\"https:\/\/www.larians-security.com\/wp-content\/plugins\/wpforms-lite\/assets\/images\/submit-spin.svg\" class=\"wpforms-submit-spinner\" style=\"display: none;\" width=\"26\" height=\"26\" alt=\"Chargement en cours\"><\/div><\/form><\/div>  <!-- .wpforms-container --><\/section>\n\n\n\n<div class=\"wp-block-group alignfull has-global-padding is-layout-constrained wp-container-core-group-is-layout-cab995c5 wp-block-group-is-layout-constrained\">\n<div class=\"wp-block-group alignfull has-global-padding is-layout-constrained wp-container-core-group-is-layout-4c3fe42d wp-block-group-is-layout-constrained\" style=\"padding-top:0\">\n<h2 class=\"wp-block-heading alignwide has-text-align-left has-text-color has-system-font-font-family\" id=\"autre-moyen-de-contact\" style=\"color:#1c2a4c;margin-top:var(--wp--preset--spacing--70);margin-bottom:var(--wp--preset--spacing--20);font-size:clamp(24.034px, 1.502rem + ((1vw - 3.2px) * 1.814), 40px);font-style:normal;font-weight:500;line-height:1.3\">O\u00f9 nous trouver ?<\/h2>\n\n\n\n<hr class=\"wp-block-separator has-text-color has-alpha-channel-opacity has-background is-style-wide\" style=\"margin-top:var(--wp--preset--spacing--40);margin-bottom:var(--wp--preset--spacing--40);background-color:#bd5d31;color:#bd5d31\"\/>\n<\/div>\n\n\n\n<div class=\"wp-block-columns are-vertically-aligned-center is-layout-flex wp-container-core-columns-is-layout-28f84493 wp-block-columns-is-layout-flex\">\n<div class=\"wp-block-column is-vertically-aligned-center is-layout-flow wp-block-column-is-layout-flow\" style=\"flex-basis:70%\"><div class=\"gspb_id-gsbp-80f3c6b wp-block-greenshift-blocks-map\"><div data-key=\"gspb_id_gsbp_80f3c6b\" class=\"gspb_map-wrapper gspb_osmap\" id=\"gspb_map-gsbp-80f3c6b\"><\/div><\/div><\/div>\n\n\n\n<div class=\"wp-block-column is-vertically-aligned-center is-layout-flow wp-block-column-is-layout-flow\" style=\"padding-right:0;flex-basis:60%\">\n<p class=\"has-text-align-center has-text-color has-link-color wp-elements-4b0e7f8b560bfdc44ea164a0186168a3\" style=\"color:#1c2a4c;font-size:clamp(16.293px, 1.018rem + ((1vw - 3.2px) * 0.989), 25px);\">Localisez-nous facilement sur la carte et prenez rendez-vous <br>pour venir nous rencontrer au 34 rue de Beaumont,<br>\u00e0 Noyelles-Godault.<br><br>Nous serons ravis de vous accueillir&nbsp;du :<\/p>\n\n\n\n<p class=\"has-text-align-center has-text-color has-link-color wp-elements-21480c76ba48bbce2a8d7f1381f9dd8c\" style=\"color:#bd5d31;font-size:clamp(16.293px, 1.018rem + ((1vw - 3.2px) * 0.989), 25px);\">Lundi au vendredi<br>09h00 &#8211; 12h00<br>13h00 &#8211; 17h00<\/p>\n<\/div>\n<\/div>\n<\/div>\n\n\n\n<div class=\"wp-block-group alignfull has-global-padding is-layout-constrained wp-container-core-group-is-layout-cab995c5 wp-block-group-is-layout-constrained\">\n<div class=\"wp-block-group alignfull has-global-padding is-layout-constrained wp-container-core-group-is-layout-4c3fe42d wp-block-group-is-layout-constrained\" style=\"padding-top:0\">\n<h2 class=\"wp-block-heading alignwide has-text-align-left has-text-color has-system-font-font-family\" id=\"autre-moyen-de-contact\" style=\"color:#1c2a4c;margin-top:var(--wp--preset--spacing--70);margin-bottom:var(--wp--preset--spacing--20);font-size:clamp(24.034px, 1.502rem + ((1vw - 3.2px) * 1.814), 40px);font-style:normal;font-weight:500;line-height:1.3\">Autre moyen de contact<\/h2>\n\n\n\n<hr class=\"wp-block-separator has-text-color has-alpha-channel-opacity has-background is-style-wide\" style=\"margin-top:var(--wp--preset--spacing--40);margin-bottom:var(--wp--preset--spacing--40);background-color:#bd5d31;color:#bd5d31\"\/>\n<\/div>\n\n\n\n<p class=\"has-text-align-left has-text-color has-link-color wp-elements-eb7ad57a2b13cdccd9ba2e076e3e958b\" style=\"color:#1c2a4c;font-size:clamp(16.293px, 1.018rem + ((1vw - 3.2px) * 0.989), 25px);\">En plus du formulaire de contact, vous pouvez nous joindre par d\u2019autres moyens pour \u00e9changer rapidement et efficacement avec notre \u00e9quipe. Que ce soit pour poser une question, demander un renseignement ou simplement suivre l\u2019actualit\u00e9 de&nbsp;<strong>Larians Security +<\/strong>, nous mettons \u00e0 votre disposition plusieurs canaux de communication adapt\u00e9s \u00e0 vos besoins.<\/p>\n\n\n\n<div class=\"wp-block-group is-nowrap is-layout-flex wp-container-core-group-is-layout-6c531013 wp-block-group-is-layout-flex\">\n<figure class=\"wp-block-image size-full is-resized\"><img decoding=\"async\" width=\"512\" height=\"512\" src=\"https:\/\/www.larians-security.com\/wp-content\/uploads\/2026\/01\/logo-tel.png\" alt=\"\" class=\"wp-image-8143\" style=\"width:52px;height:auto\" srcset=\"https:\/\/www.larians-security.com\/wp-content\/uploads\/2026\/01\/logo-tel.png 512w, https:\/\/www.larians-security.com\/wp-content\/uploads\/2026\/01\/logo-tel-300x300.png 300w, https:\/\/www.larians-security.com\/wp-content\/uploads\/2026\/01\/logo-tel-150x150.png 150w\" sizes=\"(max-width: 512px) 100vw, 512px\" \/><\/figure>\n\n\n\n<p class=\"has-text-color has-link-color wp-elements-816a55f526f9b67f7aa3ef6f2158c88c\" style=\"color:#1c2a4c;font-size:clamp(16.293px, 1.018rem + ((1vw - 3.2px) * 0.989), 25px);\"><strong>Par t\u00e9l\u00e9phone<\/strong>&nbsp;: nos collaborateurs sont disponibles pour vous r\u00e9pondre et vous guider du :<\/p>\n<\/div>\n\n\n\n<p class=\"has-text-align-center has-text-color has-link-color wp-elements-dd10e4418d2d3cdfb054f767208fec17\" style=\"color:#bd5d31;font-size:clamp(16.293px, 1.018rem + ((1vw - 3.2px) * 0.989), 25px);font-style:normal;font-weight:600\">Lundi au vendredi<br>09h00 &#8211; 12h00<br>13h00 &#8211; 17h00<\/p>\n\n\n\n<div class=\"wp-block-group is-nowrap is-layout-flex wp-container-core-group-is-layout-6c531013 wp-block-group-is-layout-flex\">\n<figure class=\"wp-block-image size-full is-resized\"><a href=\"https:\/\/www.linkedin.com\/company\/larians-security\" target=\"_blank\" rel=\"noopener\"><img loading=\"lazy\" decoding=\"async\" width=\"613\" height=\"604\" src=\"https:\/\/www.larians-security.com\/wp-content\/uploads\/2026\/01\/logo-linkediN-e1769523336337.webp\" alt=\"\" class=\"wp-image-8146\" style=\"width:125px;height:auto\" srcset=\"https:\/\/www.larians-security.com\/wp-content\/uploads\/2026\/01\/logo-linkediN-e1769523336337.webp 613w, https:\/\/www.larians-security.com\/wp-content\/uploads\/2026\/01\/logo-linkediN-e1769523336337-300x296.webp 300w\" sizes=\"(max-width: 613px) 100vw, 613px\" \/><\/a><\/figure>\n\n\n\n<p class=\"has-text-color has-link-color wp-elements-7c2a05ecf6e2eb9176db4e22084a6078\" style=\"color:#1c2a4c;font-size:clamp(16.293px, 1.018rem + ((1vw - 3.2px) * 0.989), 25px);\"><strong><a href=\"https:\/\/www.linkedin.com\/company\/larians-security\" target=\"_blank\" rel=\"noopener\">Via LinkedIn<\/a><\/strong>&nbsp;: pour rester connect\u00e9 avec&nbsp;<strong>Larians Security +<\/strong>, suivre nos actualit\u00e9s, nos projets et nos temps forts, vous pouvez \u00e9galement nous contacter et \u00e9changer avec nous sur notre page LinkedIn. C\u2019est un moyen simple et pratique de dialoguer, de d\u00e9couvrir notre culture d\u2019entreprise et de rester inform\u00e9 des nouveaut\u00e9s.<\/p>\n<\/div>\n\n\n\n<p class=\"has-text-align-center has-text-color has-link-color wp-elements-8ddf8e6fe70271f980d5c15f314c246c\" style=\"color:#bd5d31;padding-bottom:var(--wp--preset--spacing--50);font-size:clamp(16.293px, 1.018rem + ((1vw - 3.2px) * 0.989), 25px);\"><em>Chaque canal est con\u00e7u pour vous offrir un&nbsp;<strong>contact fluide, rapide et s\u00e9curis\u00e9<\/strong>, avec l\u2019assurance que votre demande sera trait\u00e9e avec s\u00e9rieux et professionnalisme. Que vous choisissiez le formulaire, l\u2019email, le t\u00e9l\u00e9phone ou LinkedIn, nous nous engageons \u00e0 r\u00e9pondre&nbsp;<strong>rapidement, souvent sous 24h<\/strong>, afin de vous garantir un suivi optimal.<\/em><\/p>\n<\/div>\n","protected":false},"excerpt":{"rendered":"<p>Chez Larians Security +, chaque \u00e9change compte Chez&nbsp;Larians Security +, nous sommes \u00e0 votre disposition pour toute demande. Que vous souhaitiez obtenir un&nbsp;renseignement, une assistance technique, un devis ou des informations sur nos services, notre \u00e9quipe se tient pr\u00eate \u00e0 vous r\u00e9pondre&nbsp;rapidement et efficacement. Vous pouvez&nbsp;remplir notre formulaire ci-dessous.Chaque&nbsp;demande&nbsp;est trait\u00e9 avec s\u00e9rieux et professionnalisme, car votre satisfaction est au c\u0153ur de notre engagement. Merci de fournir des informations pr\u00e9cises afin que nous puissions traiter votre demande dans les meilleures conditions. Formulaire de contact O\u00f9 nous trouver ? Localisez-nous facilement sur la carte et prenez rendez-vous pour venir nous rencontrer au 34 rue de Beaumont,\u00e0 Noyelles-Godault. Nous serons ravis de vous accueillir&nbsp;du : Lundi au vendredi09h00 &#8211; 12h0013h00 &#8211; 17h00 Autre moyen de contact En plus du formulaire de contact, vous pouvez nous joindre par d\u2019autres moyens pour \u00e9changer rapidement et efficacement avec notre \u00e9quipe. Que ce soit pour poser une question, demander un renseignement ou simplement suivre l\u2019actualit\u00e9 de&nbsp;Larians Security +, nous mettons \u00e0 votre disposition plusieurs canaux de communication adapt\u00e9s \u00e0 vos besoins. Par t\u00e9l\u00e9phone&nbsp;: nos collaborateurs sont disponibles pour vous r\u00e9pondre et vous guider du : Lundi au vendredi09h00 &#8211; 12h0013h00 &#8211; 17h00 Via LinkedIn&nbsp;: pour rester connect\u00e9 avec&nbsp;Larians Security +, suivre nos actualit\u00e9s, nos projets et nos temps forts, vous pouvez \u00e9galement nous contacter et \u00e9changer avec nous sur notre page LinkedIn. C\u2019est un moyen simple et pratique de dialoguer, de d\u00e9couvrir notre culture d\u2019entreprise et de rester inform\u00e9 des nouveaut\u00e9s. Chaque canal est con\u00e7u pour vous offrir un&nbsp;contact fluide, rapide et s\u00e9curis\u00e9, avec l\u2019assurance que votre demande sera trait\u00e9e avec s\u00e9rieux et professionnalisme. Que vous choisissiez le formulaire, l\u2019email, le t\u00e9l\u00e9phone ou LinkedIn, nous nous engageons \u00e0 r\u00e9pondre&nbsp;rapidement, souvent sous 24h, afin de vous garantir un suivi optimal.<\/p>\n","protected":false},"author":1,"featured_media":0,"parent":33,"menu_order":0,"comment_status":"closed","ping_status":"closed","template":"regular-page","meta":{"_gspb_post_css":".gspb_id-gsbp-80f3c6b{display:flex}.gspb_id-gsbp-80f3c6b .gspb_map-wrapper{width:100%;height:400px;isolation:isolate}","footnotes":""},"class_list":["post-43","page","type-page","status-publish","hentry"],"_links":{"self":[{"href":"https:\/\/www.larians-security.com\/index.php\/wp-json\/wp\/v2\/pages\/43","targetHints":{"allow":["GET"]}}],"collection":[{"href":"https:\/\/www.larians-security.com\/index.php\/wp-json\/wp\/v2\/pages"}],"about":[{"href":"https:\/\/www.larians-security.com\/index.php\/wp-json\/wp\/v2\/types\/page"}],"author":[{"embeddable":true,"href":"https:\/\/www.larians-security.com\/index.php\/wp-json\/wp\/v2\/users\/1"}],"replies":[{"embeddable":true,"href":"https:\/\/www.larians-security.com\/index.php\/wp-json\/wp\/v2\/comments?post=43"}],"version-history":[{"count":158,"href":"https:\/\/www.larians-security.com\/index.php\/wp-json\/wp\/v2\/pages\/43\/revisions"}],"predecessor-version":[{"id":9383,"href":"https:\/\/www.larians-security.com\/index.php\/wp-json\/wp\/v2\/pages\/43\/revisions\/9383"}],"up":[{"embeddable":true,"href":"https:\/\/www.larians-security.com\/index.php\/wp-json\/wp\/v2\/pages\/33"}],"wp:attachment":[{"href":"https:\/\/www.larians-security.com\/index.php\/wp-json\/wp\/v2\/media?parent=43"}],"curies":[{"name":"wp","href":"https:\/\/api.w.org\/{rel}","templated":true}]}}